{"id":3,"date":"2024-07-19T12:53:00","date_gmt":"2024-07-19T12:53:00","guid":{"rendered":"https:\/\/seventeadetoks.com.tr\/1\/?page_id=3"},"modified":"2024-09-21T13:56:00","modified_gmt":"2024-09-21T10:56:00","slug":"privacy-policy","status":"publish","type":"page","link":"https:\/\/seventeadetoks.com.tr\/it\/privacy-policy\/","title":{"rendered":"Privacy Policy"},"content":{"rendered":"<div data-elementor-type=\"wp-page\" data-elementor-id=\"3\" class=\"elementor elementor-3\" data-elementor-post-type=\"page\">\n\t\t\t\t<div class=\"elementor-element elementor-element-6db487de e-flex e-con-boxed e-con e-parent\" data-id=\"6db487de\" data-element_type=\"container\" data-e-type=\"container\">\n\t\t\t\t\t<div class=\"e-con-inner\">\n\t\t\t\t<div class=\"elementor-element elementor-element-327095ee elementor-widget elementor-widget-text-editor\" data-id=\"327095ee\" data-element_type=\"widget\" data-e-type=\"widget\" data-widget_type=\"text-editor.default\">\n\t\t\t\t<div class=\"elementor-widget-container\">\n\t\t\t\t\t\t\t\t\t\n<p>Informativa sulla privacy<\/p>\n<p>Ho\u015f geldiniz!\u00a0 Seventea, m\u00fc\u015fterilerinin gizlili\u011fini \u00f6nemsemektedir. Bu gizlilik politikas\u0131, seventeadetoks.com.tr web sitesi \u00fczerinden toplad\u0131\u011f\u0131m\u0131z ki\u015fisel bilgilerin nas\u0131l kullan\u0131ld\u0131\u011f\u0131n\u0131 ve korundu\u011funu a\u00e7\u0131klamaktad\u0131r. L\u00fctfen gizlilik politikam\u0131z\u0131 dikkatlice okuyun ve anlad\u0131\u011f\u0131n\u0131zdan emin olun.<\/p>\n<p>Toplanan Ki\u015fisel Bilgiler<\/p>\n<p>Seventea, sadece i\u015flem yapabilmek ve hizmet sunabilmek amac\u0131yla m\u00fc\u015fterilerinden belirli ki\u015fisel bilgiler toplayabilir. Toplanan ki\u015fisel bilgiler a\u015fa\u011f\u0131dakileri i\u00e7erebilir, ancak bunlarla s\u0131n\u0131rl\u0131 de\u011fildir:<\/p>\n<p>\u0130sim, adres ve ileti\u015fim bilgileri.<br \/>Kredi kart\u0131 veya \u00f6deme bilgileri (Bu bilgiler, \u00f6deme i\u015flemleri s\u0131ras\u0131nda g\u00fcvenli bir \u015fekilde i\u015flenir ve saklan\u0131r).<br \/>M\u00fc\u015fteri tercihleri ve ilgi alanlar\u0131.<br \/>Di\u011fer m\u00fc\u015fteri taraf\u0131ndan sa\u011flanan g\u00f6n\u00fcll\u00fc bilgiler.<\/p>\n<p>Ki\u015fisel Bilgilerin Kullan\u0131m\u0131<\/p>\n<p>Seventea, toplanan ki\u015fisel bilgileri a\u015fa\u011f\u0131daki ama\u00e7larla kullanabilir:<\/p>\n<p>Sipari\u015fleri i\u015fleme koymak ve m\u00fc\u015fteri isteklerini yerine getirmek.<br \/>M\u00fc\u015fteri deneyimini geli\u015ftirmek ve ki\u015fiselle\u015ftirmek.<br \/>M\u00fc\u015fterilere \u00f6zel teklifler ve g\u00fcncellemeler sa\u011flamak.<br \/>Web sitesi hizmetlerini geli\u015ftirmek, sorunlar\u0131 \u00e7\u00f6zmek ve ileti\u015fimi kolayla\u015ft\u0131rmak.<br \/>Yasa ve d\u00fczenlemelere uygun olarak, m\u00fc\u015fterilerle ilgili yasal y\u00fck\u00fcml\u00fcl\u00fckleri yerine getirmek.<\/p>\n<p>Ki\u015fisel Bilgilerin Payla\u015f\u0131m\u0131<\/p>\n<p>Seventea, m\u00fc\u015fterilerin ki\u015fisel bilgilerini yaln\u0131zca bu gizlilik politikas\u0131na uygun olarak ve i\u015fimizi y\u00fcr\u00fctebilmek i\u00e7in gerekli olan durumlar d\u0131\u015f\u0131nda \u00fc\u00e7\u00fcnc\u00fc taraflarla payla\u015fmaz. Bu, sipari\u015flerin i\u015flenmesi, \u00f6demelerin i\u015flenmesi ve m\u00fc\u015fteri deste\u011fi sa\u011flanmas\u0131 i\u00e7in hizmet sa\u011flay\u0131c\u0131larla (\u00f6rn. Stripe) payla\u015f\u0131m\u0131 i\u00e7erebilir.<\/p>\n<p>\u00c7erezler ve Benzeri Teknolojiler<\/p>\n<p>Seventea, web sitesini daha etkin ve verimli bir \u015fekilde \u00e7al\u0131\u015ft\u0131rmak i\u00e7in \u00e7erezleri ve benzeri teknolojileri kullanabilir. \u00c7erezler, web taray\u0131c\u0131n\u0131za yerle\u015ftirilen k\u00fc\u00e7\u00fck metin dosyalar\u0131d\u0131r ve tercihlerinizi hat\u0131rlamam\u0131za ve web sitesinin kullan\u0131m\u0131n\u0131 analiz etmemize yard\u0131mc\u0131 olurlar.<\/p>\n<p>G\u00fcvenlik<\/p>\n<p>Seventea, m\u00fc\u015fterilerinin ki\u015fisel bilgilerini korumak i\u00e7in uygun g\u00fcvenlik \u00f6nlemleri al\u0131r. Ancak, internet \u00fczerinden ileti\u015fimde bulunman\u0131n her zaman risksiz olmad\u0131\u011f\u0131n\u0131 unutmay\u0131n ve elimizden gelen en iyi g\u00fcvenlik tedbirlerini almak i\u00e7in \u00e7aba sarf ediyoruz.<\/p>\n<p>Ba\u011flant\u0131lar<\/p>\n<p>Seventea web sitesi, \u00fc\u00e7\u00fcnc\u00fc taraf web sitelerine ba\u011flant\u0131lar i\u00e7erebilir. Bu ba\u011flant\u0131lardan \u00e7\u0131k\u0131\u015f\u0131m\u0131z\u0131n ard\u0131ndan, \u00fc\u00e7\u00fcnc\u00fc taraf\u0131n gizlilik politikalar\u0131 \u00fczerinde kontrol\u00fcm\u00fcz olmayacakt\u0131r. Di\u011fer web sitelerini ziyaret etmeden \u00f6nce ilgili gizlilik politikalar\u0131n\u0131 incelemenizi tavsiye ederiz.<\/p>\n<p>De\u011fi\u015fiklikler<\/p>\n<p>Seventea, gizlilik politikas\u0131n\u0131 diledi\u011fi zaman g\u00fcncelleme hakk\u0131n\u0131 sakl\u0131 tutar. Politikadaki de\u011fi\u015fiklikleri yans\u0131tmak i\u00e7in web sitesinde bildirim yap\u0131lacak ve g\u00fcncel politika tarihine g\u00f6re revize edilecektir.<\/p>\t\t\t\t\t\t\t\t<\/div>\n\t\t\t\t<\/div>\n\t\t\t\t\t<\/div>\n\t\t\t\t<\/div>\n\t\t\t\t<\/div>","protected":false},"excerpt":{"rendered":"<p>Gizlilik Politikas\u0131 Ho\u015f geldiniz!\u00a0 Seventea, m\u00fc\u015fterilerinin gizlili\u011fini \u00f6nemsemektedir. Bu gizlilik politikas\u0131, seventeadetoks.com.tr web sitesi \u00fczerinden toplad\u0131\u011f\u0131m\u0131z ki\u015fisel bilgilerin nas\u0131l kullan\u0131ld\u0131\u011f\u0131n\u0131 ve korundu\u011funu a\u00e7\u0131klamaktad\u0131r. L\u00fctfen gizlilik politikam\u0131z\u0131 dikkatlice okuyun ve anlad\u0131\u011f\u0131n\u0131zdan emin olun. Toplanan Ki\u015fisel Bilgiler Seventea, sadece i\u015flem yapabilmek ve hizmet sunabilmek amac\u0131yla m\u00fc\u015fterilerinden belirli ki\u015fisel bilgiler toplayabilir. Toplanan ki\u015fisel bilgiler a\u015fa\u011f\u0131dakileri i\u00e7erebilir, ancak bunlarla [&hellip;]<\/p>\n","protected":false},"author":1,"featured_media":0,"parent":0,"menu_order":0,"comment_status":"closed","ping_status":"open","template":"","meta":{"footnotes":""},"class_list":["post-3","page","type-page","status-publish","hentry"],"_links":{"self":[{"href":"https:\/\/seventeadetoks.com.tr\/it\/wp-json\/wp\/v2\/pages\/3","targetHints":{"allow":["GET"]}}],"collection":[{"href":"https:\/\/seventeadetoks.com.tr\/it\/wp-json\/wp\/v2\/pages"}],"about":[{"href":"https:\/\/seventeadetoks.com.tr\/it\/wp-json\/wp\/v2\/types\/page"}],"author":[{"embeddable":true,"href":"https:\/\/seventeadetoks.com.tr\/it\/wp-json\/wp\/v2\/users\/1"}],"replies":[{"embeddable":true,"href":"https:\/\/seventeadetoks.com.tr\/it\/wp-json\/wp\/v2\/comments?post=3"}],"version-history":[{"count":4,"href":"https:\/\/seventeadetoks.com.tr\/it\/wp-json\/wp\/v2\/pages\/3\/revisions"}],"predecessor-version":[{"id":11699,"href":"https:\/\/seventeadetoks.com.tr\/it\/wp-json\/wp\/v2\/pages\/3\/revisions\/11699"}],"wp:attachment":[{"href":"https:\/\/seventeadetoks.com.tr\/it\/wp-json\/wp\/v2\/media?parent=3"}],"curies":[{"name":"wp","href":"https:\/\/api.w.org\/{rel}","templated":true}]}}